{"id":137,"date":"2020-11-17T22:38:29","date_gmt":"2020-11-17T21:38:29","guid":{"rendered":"http:\/\/eugite.com\/?page_id=137"},"modified":"2021-10-05T15:33:15","modified_gmt":"2021-10-05T13:33:15","slug":"les-gites","status":"publish","type":"page","link":"https:\/\/eugite.com\/index.php\/les-gites\/","title":{"rendered":"Les G\u00eetes"},"content":{"rendered":"\t\t<div data-elementor-type=\"wp-page\" data-elementor-id=\"137\" class=\"elementor elementor-137\" data-elementor-settings=\"[]\">\n\t\t\t\t\t\t<div class=\"elementor-inner\">\n\t\t\t\t\t\t\t<div class=\"elementor-section-wrap\">\n\t\t\t\t\t\t\t<section class=\"elementor-section elementor-top-section elementor-element elementor-element-725ab19 elementor-section-boxed elementor-section-height-default elementor-section-height-default\" data-id=\"725ab19\" data-element_type=\"section\">\n\t\t\t\t\t\t<div class=\"elementor-container elementor-column-gap-default\">\n\t\t\t\t\t\t\t<div class=\"elementor-row\">\n\t\t\t\t\t<div class=\"elementor-column elementor-col-33 elementor-top-column elementor-element elementor-element-2eaf1e6\" data-id=\"2eaf1e6\" data-element_type=\"column\">\n\t\t\t<div class=\"elementor-column-wrap elementor-element-populated\">\n\t\t\t\t\t\t\t<div class=\"elementor-widget-wrap\">\n\t\t\t\t\t\t<div class=\"elementor-element elementor-element-d79d2c8 elementor-widget elementor-widget-heading\" data-id=\"d79d2c8\" data-element_type=\"widget\" data-widget_type=\"heading.default\">\n\t\t\t\t<div class=\"elementor-widget-container\">\n\t\t\t<h2 class=\"elementor-heading-title elementor-size-default\">La Maison<\/h2>\t\t<\/div>\n\t\t\t\t<\/div>\n\t\t\t\t<div class=\"elementor-element elementor-element-9cc096a elementor-widget elementor-widget-text-editor\" data-id=\"9cc096a\" data-element_type=\"widget\" data-widget_type=\"text-editor.default\">\n\t\t\t\t<div class=\"elementor-widget-container\">\n\t\t\t\t\t\t\t\t<div class=\"elementor-text-editor elementor-clearfix\">\n\t\t\t\t<p>3 chambres avec 2 salles de bain et WC privatifs.<\/p><p>\u00a0 <br \/>Cuisine enti\u00e8rement \u00e9quip\u00e9e, four, four \u00e0 micro-onde, lave-vaisselle, 4 plaques de cuisson, cafeti\u00e8re, r\u00e9frig\u00e9rateur.<\/p><p><br \/>1ere chambre : 1 lit double 140&#215;190, 2 lit simple 80&#215;190 avec salle de bain privative : douche, WC<br \/>2\u00e8me chambre : 1 lit double 140&#215;190, 3 lit simple 80&#215;190 avec salle de bain privative : baignoire, WC<br \/>3\u00e8me chambre : traversant de la 2\u00e8me 1 lit double 140&#215;190, 2 lit simple 80&#215;190<\/p><p>\u00a0 <br \/>Salon salle \u00e0 manger de 40m2 comprenant 1 canap\u00e9, une table basse, 2 fauteuils, une t\u00e9l\u00e9 127cm une table avec 8 chaises (d\u2019autres chaises \u00e0 disposition).<br \/>Grande chemin\u00e9e avec foyer ouvert datant de 1800.<\/p><p>\u00a0<\/p>\t\t\t\t\t<\/div>\n\t\t\t\t\t\t<\/div>\n\t\t\t\t<\/div>\n\t\t\t\t<div class=\"elementor-element elementor-element-fb6390a elementor-align-center elementor-widget elementor-widget-button\" data-id=\"fb6390a\" data-element_type=\"widget\" data-widget_type=\"button.default\">\n\t\t\t\t<div class=\"elementor-widget-container\">\n\t\t\t\t\t<div class=\"elementor-button-wrapper\">\n\t\t\t<a href=\"http:\/\/eugite.com\/index.php\/tarifs\/\" class=\"elementor-button-link elementor-button elementor-size-sm\" role=\"button\">\n\t\t\t\t\t\t<span class=\"elementor-button-content-wrapper\">\n\t\t\t\t\t\t<span class=\"elementor-button-text\">Tarif<\/span>\n\t\t<\/span>\n\t\t\t\t\t<\/a>\n\t\t<\/div>\n\t\t\t\t<\/div>\n\t\t\t\t<\/div>\n\t\t\t\t\t\t<\/div>\n\t\t\t\t\t<\/div>\n\t\t<\/div>\n\t\t\t\t<div class=\"elementor-column elementor-col-33 elementor-top-column elementor-element elementor-element-72218cb\" data-id=\"72218cb\" data-element_type=\"column\">\n\t\t\t<div class=\"elementor-column-wrap elementor-element-populated\">\n\t\t\t\t\t\t\t<div class=\"elementor-widget-wrap\">\n\t\t\t\t\t\t<div class=\"elementor-element elementor-element-03cc487 elementor-widget elementor-widget-heading\" data-id=\"03cc487\" data-element_type=\"widget\" data-widget_type=\"heading.default\">\n\t\t\t\t<div class=\"elementor-widget-container\">\n\t\t\t<h2 class=\"elementor-heading-title elementor-size-default\">La Veranda<\/h2>\t\t<\/div>\n\t\t\t\t<\/div>\n\t\t\t\t<div class=\"elementor-element elementor-element-dd2849f elementor-widget elementor-widget-text-editor\" data-id=\"dd2849f\" data-element_type=\"widget\" data-widget_type=\"text-editor.default\">\n\t\t\t\t<div class=\"elementor-widget-container\">\n\t\t\t\t\t\t\t\t<div class=\"elementor-text-editor elementor-clearfix\">\n\t\t\t\t<p>\u00a02 chambres traversantes:<br \/>1 \u00e8re chambre comprenant 2 lits\u00a0 double de 160&#215;190\u00a0<br \/>2 \u00e8me chambre: 1 lit double de 160&#215;190 avec salle de bain (douche \u00e0 l&rsquo;italienne) avec WC.<\/p><p>Cuisine neuve enti\u00e8rement \u00e9quip\u00e9e four, four micro-ondes, lave-vaisselle, plaque gaz 5 feux, frigo, cafeti\u00e8re classique et Nespresso, grille pain, blender, ouverte sur une v\u00e9randa de 60 m2 comprenant la salle \u00e0 manger et le salon<\/p><p>\u00a0 <br \/>Salle \u00e0 manger de 6 \u00e0 15\u00a0 places <br \/>Salon avec 1 canap\u00e9s convertible ainsi que 4 fauteuil pr\u00e8s d&rsquo;une chemin\u00e9e \u00e0 insert<br \/>T\u00e9l\u00e9 et WiFi \u00e0 disposition<\/p>\t\t\t\t\t<\/div>\n\t\t\t\t\t\t<\/div>\n\t\t\t\t<\/div>\n\t\t\t\t<div class=\"elementor-element elementor-element-187a52e elementor-align-center elementor-widget elementor-widget-button\" data-id=\"187a52e\" data-element_type=\"widget\" data-widget_type=\"button.default\">\n\t\t\t\t<div class=\"elementor-widget-container\">\n\t\t\t\t\t<div class=\"elementor-button-wrapper\">\n\t\t\t<a href=\"http:\/\/eugite.com\/index.php\/tarifs\/\" class=\"elementor-button-link elementor-button elementor-size-sm\" role=\"button\">\n\t\t\t\t\t\t<span class=\"elementor-button-content-wrapper\">\n\t\t\t\t\t\t<span class=\"elementor-button-text\">Tarif<\/span>\n\t\t<\/span>\n\t\t\t\t\t<\/a>\n\t\t<\/div>\n\t\t\t\t<\/div>\n\t\t\t\t<\/div>\n\t\t\t\t\t\t<\/div>\n\t\t\t\t\t<\/div>\n\t\t<\/div>\n\t\t\t\t<div class=\"elementor-column elementor-col-33 elementor-top-column elementor-element elementor-element-eb35761\" data-id=\"eb35761\" data-element_type=\"column\">\n\t\t\t<div class=\"elementor-column-wrap elementor-element-populated\">\n\t\t\t\t\t\t\t<div class=\"elementor-widget-wrap\">\n\t\t\t\t\t\t<div class=\"elementor-element elementor-element-3b73e26 elementor-widget elementor-widget-heading\" data-id=\"3b73e26\" data-element_type=\"widget\" data-widget_type=\"heading.default\">\n\t\t\t\t<div class=\"elementor-widget-container\">\n\t\t\t<h2 class=\"elementor-heading-title elementor-size-default\">Le Bar<\/h2>\t\t<\/div>\n\t\t\t\t<\/div>\n\t\t\t\t<div class=\"elementor-element elementor-element-91d448a elementor-widget elementor-widget-text-editor\" data-id=\"91d448a\" data-element_type=\"widget\" data-widget_type=\"text-editor.default\">\n\t\t\t\t<div class=\"elementor-widget-container\">\n\t\t\t\t\t\t\t\t<div class=\"elementor-text-editor elementor-clearfix\">\n\t\t\t\t<p>\u00a02 chambres<br \/>1ere chambre : 2 lit double de 140 x190<br \/>2 \u00e8me chambre : un lit double de 140&#215;190<br \/>Une salle de bain : douche \u00e0 l&rsquo;italienne<\/p><p><br \/>Cuisine neuve enti\u00e8rement \u00e9quip\u00e9e four, four micro-ondes, lave-vaisselle, plaque gaz 4 feux, frigo cong\u00e9lateur, cafeti\u00e8re Nespresso\u00a0<\/p><p><span style=\"font-size: 14px; color: var( --e-global-color-text );\">Salon comprenant t\u00e9l\u00e9,\u00a0 1 clic clac (couchage 2 personnes),1 lit simple ,\u00a0<\/span><span style=\"font-size: 14px; color: var( --e-global-color-text );\">Insert double foyer donnant dans le salon et la salle \u00e0 manger<\/span><\/p><p>Salle \u00e0 manger avec table de billard avec 9 chaises , un baby foot et un bar d&rsquo;\u00e9poque class\u00e9 aux monuments historiques.\u00a0<span style=\"color: var( --e-global-color-text ); font-size: 14px;\">Laverie avec une machine \u00e0 laver et un s\u00e8che linge et les WC<\/span><\/p>\t\t\t\t\t<\/div>\n\t\t\t\t\t\t<\/div>\n\t\t\t\t<\/div>\n\t\t\t\t<div class=\"elementor-element elementor-element-4735126 elementor-align-center elementor-widget elementor-widget-button\" data-id=\"4735126\" data-element_type=\"widget\" data-widget_type=\"button.default\">\n\t\t\t\t<div class=\"elementor-widget-container\">\n\t\t\t\t\t<div class=\"elementor-button-wrapper\">\n\t\t\t<a href=\"http:\/\/eugite.com\/index.php\/tarifs\/\" class=\"elementor-button-link elementor-button elementor-size-sm\" role=\"button\">\n\t\t\t\t\t\t<span class=\"elementor-button-content-wrapper\">\n\t\t\t\t\t\t<span class=\"elementor-button-text\">Tarif<\/span>\n\t\t<\/span>\n\t\t\t\t\t<\/a>\n\t\t<\/div>\n\t\t\t\t<\/div>\n\t\t\t\t<\/div>\n\t\t\t\t\t\t<\/div>\n\t\t\t\t\t<\/div>\n\t\t<\/div>\n\t\t\t\t\t\t\t\t<\/div>\n\t\t\t\t\t<\/div>\n\t\t<\/section>\n\t\t\t\t\t\t<\/div>\n\t\t\t\t\t\t<\/div>\n\t\t\t\t\t<\/div>\n\t\t","protected":false},"excerpt":{"rendered":"<p>La Maison 3 chambres avec 2 salles de bain et WC privatifs. \u00a0 Cuisine enti\u00e8rement \u00e9quip\u00e9e, four, four \u00e0 micro-onde, lave-vaisselle, 4 plaques de cuisson, cafeti\u00e8re, r\u00e9frig\u00e9rateur. 1ere chambre : 1 lit double 140&#215;190, 2 lit simple 80&#215;190 avec salle de bain privative : douche, WC2\u00e8me chambre : 1 lit double 140&#215;190, 3 lit simple [&hellip;]<\/p>\n","protected":false},"author":1,"featured_media":0,"parent":0,"menu_order":0,"comment_status":"closed","ping_status":"closed","template":"","meta":{"spay_email":""},"_links":{"self":[{"href":"https:\/\/eugite.com\/index.php\/wp-json\/wp\/v2\/pages\/137"}],"collection":[{"href":"https:\/\/eugite.com\/index.php\/wp-json\/wp\/v2\/pages"}],"about":[{"href":"https:\/\/eugite.com\/index.php\/wp-json\/wp\/v2\/types\/page"}],"author":[{"embeddable":true,"href":"https:\/\/eugite.com\/index.php\/wp-json\/wp\/v2\/users\/1"}],"replies":[{"embeddable":true,"href":"https:\/\/eugite.com\/index.php\/wp-json\/wp\/v2\/comments?post=137"}],"version-history":[{"count":19,"href":"https:\/\/eugite.com\/index.php\/wp-json\/wp\/v2\/pages\/137\/revisions"}],"predecessor-version":[{"id":297,"href":"https:\/\/eugite.com\/index.php\/wp-json\/wp\/v2\/pages\/137\/revisions\/297"}],"wp:attachment":[{"href":"https:\/\/eugite.com\/index.php\/wp-json\/wp\/v2\/media?parent=137"}],"curies":[{"name":"wp","href":"https:\/\/api.w.org\/{rel}","templated":true}]}}