{"id":8,"date":"2020-11-10T19:26:31","date_gmt":"2020-11-10T18:26:31","guid":{"rendered":"http:\/\/eugite.com\/?page_id=8"},"modified":"2021-05-02T19:15:41","modified_gmt":"2021-05-02T17:15:41","slug":"notre-philosophie","status":"publish","type":"page","link":"https:\/\/eugite.com\/index.php\/notre-philosophie\/","title":{"rendered":"Pr\u00e9sentation"},"content":{"rendered":"\n<p>Nous vous proposons 3 g\u00eetes de 6 \u00e0 29 personnes au c\u0153ur de la Sologne situ\u00e9 \u00e0 2 km de la ville de la Fert\u00e9 Saint Aubin. Enti\u00e8rement r\u00e9nov\u00e9, tout en gardant l&rsquo;esprit de la Sologne, nos g\u00eetes sont \u00e9quip\u00e9s pour vous permettre de vous sentir comme chez vous.<\/p>\n\n\n\n<p>Vous pourrez vous y retrouver en famille, lors de cousinade, de mariage ou encore de bapt\u00eame,  et aussi entre amis lors de vos anniversaires, de f\u00eate de fin d&rsquo;ann\u00e9e ou d&rsquo;une simple f\u00eate entre amis autour d&rsquo;un barbecue. <\/p>\n\n\n\n<p>Vous avez la possibilit\u00e9 de faire la f\u00eate sans g\u00eaner le voisinage, ou de venir vous ressourcer dans  le calme absolu au milieu de notre for\u00eat de 40 hectares. <\/p>\n\n\n\n<p>Plusieurs activit\u00e9s s&rsquo;offre \u00e0 vous, notre propri\u00e9t\u00e9  poss\u00e8de un \u00e9tang o\u00f9 vous pourrez p\u00eacher et vous d\u00e9tendre sur les transats de notre plage.<\/p>\n\n\n\n<p>Pour les amoureux de la marche et de la nature plusieurs chemins p\u00e9destres, dont certains vous m\u00e8nerons directement derri\u00e8re le ch\u00e2teau, se trouvent sur les abords de notre propri\u00e9t\u00e9.<\/p>\n\n\n\n<p>Pour les enfants un trampoline, une balan\u00e7oire ainsi qu&rsquo;un bac \u00e0 sable est mis \u00e0 disposition.  A l&rsquo;int\u00e9rieur du G\u00eete  Bar vous trouverez un billard ainsi qu&rsquo; un baby foot .  <\/p>\n\n\n\n<figure class=\"wp-block-image size-full\"><img loading=\"lazy\" width=\"2560\" height=\"1440\" src=\"http:\/\/eugite.com\/wp-content\/uploads\/2020\/11\/20200504_154216.jpg\" alt=\"LES G\u00ceTES\" class=\"wp-image-10\" srcset=\"https:\/\/eugite.com\/wp-content\/uploads\/2020\/11\/20200504_154216.jpg 2560w, https:\/\/eugite.com\/wp-content\/uploads\/2020\/11\/20200504_154216-300x169.jpg 300w, https:\/\/eugite.com\/wp-content\/uploads\/2020\/11\/20200504_154216-1024x576.jpg 1024w, https:\/\/eugite.com\/wp-content\/uploads\/2020\/11\/20200504_154216-768x432.jpg 768w, https:\/\/eugite.com\/wp-content\/uploads\/2020\/11\/20200504_154216-1536x864.jpg 1536w, https:\/\/eugite.com\/wp-content\/uploads\/2020\/11\/20200504_154216-2048x1152.jpg 2048w\" sizes=\"(max-width: 2560px) 100vw, 2560px\" \/><\/figure>\n","protected":false},"excerpt":{"rendered":"<p>Nous vous proposons 3 g\u00eetes de 6 \u00e0 29 personnes au c\u0153ur de la Sologne situ\u00e9 \u00e0 2 km de la ville de la Fert\u00e9 Saint Aubin. Enti\u00e8rement r\u00e9nov\u00e9, tout en gardant l&rsquo;esprit de la Sologne, nos g\u00eetes sont \u00e9quip\u00e9s pour vous permettre de vous sentir comme chez vous. Vous pourrez vous y retrouver en [&hellip;]<\/p>\n","protected":false},"author":1,"featured_media":0,"parent":0,"menu_order":0,"comment_status":"closed","ping_status":"closed","template":"","meta":{"spay_email":""},"_links":{"self":[{"href":"https:\/\/eugite.com\/index.php\/wp-json\/wp\/v2\/pages\/8"}],"collection":[{"href":"https:\/\/eugite.com\/index.php\/wp-json\/wp\/v2\/pages"}],"about":[{"href":"https:\/\/eugite.com\/index.php\/wp-json\/wp\/v2\/types\/page"}],"author":[{"embeddable":true,"href":"https:\/\/eugite.com\/index.php\/wp-json\/wp\/v2\/users\/1"}],"replies":[{"embeddable":true,"href":"https:\/\/eugite.com\/index.php\/wp-json\/wp\/v2\/comments?post=8"}],"version-history":[{"count":5,"href":"https:\/\/eugite.com\/index.php\/wp-json\/wp\/v2\/pages\/8\/revisions"}],"predecessor-version":[{"id":273,"href":"https:\/\/eugite.com\/index.php\/wp-json\/wp\/v2\/pages\/8\/revisions\/273"}],"wp:attachment":[{"href":"https:\/\/eugite.com\/index.php\/wp-json\/wp\/v2\/media?parent=8"}],"curies":[{"name":"wp","href":"https:\/\/api.w.org\/{rel}","templated":true}]}}